{"id":83713,"date":"2024-03-02T02:35:59","date_gmt":"2024-03-02T05:35:59","guid":{"rendered":"https:\/\/puntadiseno.com.ar\/?page_id=83713"},"modified":"2024-03-11T20:16:42","modified_gmt":"2024-03-11T23:16:42","slug":"enviar-cv","status":"publish","type":"page","link":"https:\/\/puntadiseno.com.ar\/index.php\/enviar-cv\/","title":{"rendered":"Envianos tu CV"},"content":{"rendered":"<section class=\"wpb-content-wrapper\"><p>[vc_row][vc_column][vc_column_text]<!-- Event snippet for formulario conversion page In your html page, add the snippet and call gtag_report_conversion when someone clicks on the chosen link or button. --> <script> function gtag_report_conversion(url) { var callback = function () { if (typeof(url) != 'undefined') { window.location = url; } }; gtag('event', 'conversion', { 'send_to': 'AW-1049710963\/W-pDCPDIy9oBEPOixfQD', 'event_callback': callback }); return false; } <\/script><\/p>\n<p>[\/vc_column_text][\/vc_column][\/vc_row][vc_row row_height_percent=\u00bb50&#8243; override_padding=\u00bbyes\u00bb h_padding=\u00bb2&#8243; top_padding=\u00bb3&#8243; bottom_padding=\u00bb3&#8243; back_color=\u00bbcolor-wayh\u00bb back_image=\u00bb83722&#8243; back_position=\u00bbcenter center\u00bb kburns=\u00bbyes\u00bb overlay_color=\u00bbaccent\u00bb overlay_alpha=\u00bb20&#8243; gutter_size=\u00bb3&#8243; column_width_percent=\u00bb100&#8243; shift_y=\u00bb0&#8243; z_index=\u00bb0&#8243; uncode_shortcode_id=\u00bb119597&#8243; back_color_type=\u00bbuncode-palette\u00bb overlay_color_type=\u00bbuncode-palette\u00bb shape_dividers=\u00bb\u00bb][vc_column column_width_percent=\u00bb100&#8243; position_vertical=\u00bbbottom\u00bb gutter_size=\u00bb3&#8243; style=\u00bbdark\u00bb overlay_alpha=\u00bb50&#8243; shift_x=\u00bb0&#8243; shift_y=\u00bb0&#8243; medium_width=\u00bb0&#8243; zoom_width=\u00bb0&#8243; zoom_height=\u00bb0&#8243; width=\u00bb1\/1&#8243;][vc_custom_heading heading_semantic=\u00bbh1&#8243; text_size=\u00bbfontsize-155944&#8243; text_weight=\u00bb300&#8243; text_height=\u00bbfontheight-179065&#8243; sub_reduced=\u00bbyes\u00bb css_animation=\u00bbbottom-t-top\u00bb animation_delay=\u00bb100&#8243; text_uppercase=\u00bb\u00bb uncode_shortcode_id=\u00bb346536&#8243;]<span style=\"color: #ffffff;\">\u00danete a nuestro equipo<\/span>[\/vc_custom_heading][\/vc_column][\/vc_row][vc_row unlock_row=\u00bb\u00bb row_height_percent=\u00bb0&#8243; override_padding=\u00bbyes\u00bb h_padding=\u00bb2&#8243; top_padding=\u00bb3&#8243; bottom_padding=\u00bb3&#8243; overlay_alpha=\u00bb100&#8243; gutter_size=\u00bb3&#8243; shift_y=\u00bb0&#8243;][vc_column column_width_percent=\u00bb90&#8243; position_horizontal=\u00bbleft\u00bb gutter_size=\u00bb3&#8243; overlay_alpha=\u00bb100&#8243; shift_x=\u00bb0&#8243; shift_y=\u00bb0&#8243; medium_width=\u00bb5&#8243; zoom_width=\u00bb0&#8243; zoom_height=\u00bb0&#8243; width=\u00bb1\/1&#8243;][vc_custom_heading text_size=\u00bbh4&#8243; text_transform=\u00bbcapitalize\u00bb text_align=\u00bbtext-left\u00bb text_uppercase=\u00bb\u00bb uncode_shortcode_id=\u00bb131891&#8243;]<\/p>\n<h1><span style=\"color: #101f27;\">Envianos tu CV<\/span><\/h1>\n<p>[\/vc_custom_heading][vc_column_text text_lead=\u00bbyes\u00bb uncode_shortcode_id=\u00bb715003&#8243;]\u00a1Nos encantar\u00eda conocerte! Si est\u00e1s interesado en formar parte de nuestro equipo, por favor comparte tu CV con nosotros a trav\u00e9s de este formulario.[\/vc_column_text][vc_separator sep_color=\u00bb,Default\u00bb]<div class=\"wpforms-container wpforms-container-full wpforms-render-modern\" id=\"wpforms-83698\"><form id=\"wpforms-form-83698\" class=\"wpforms-validate wpforms-form wpforms-ajax-form\" data-formid=\"83698\" method=\"post\" enctype=\"multipart\/form-data\" action=\"\/index.php\/wp-json\/wp\/v2\/pages\/83713?wpforms_form_id=83698\"><noscript class=\"wpforms-error-noscript\">Por favor, activa JavaScript en tu navegador para completar este formulario.<\/noscript><div class=\"wpforms-hidden\" id=\"wpforms-error-noscript\">Por favor, activa JavaScript en tu navegador para completar este formulario.<\/div><div class=\"wpforms-field-container\"><div id=\"wpforms-83698-field_1-container\" class=\"wpforms-field wpforms-field-text\" data-field-id=\"1\"><label class=\"wpforms-field-label\" for=\"wpforms-83698-field_1\">Nombre y apellido <span class=\"wpforms-required-label\" aria-hidden=\"true\">*<\/span><\/label><input type=\"text\" id=\"wpforms-83698-field_1\" class=\"wpforms-field-large wpforms-field-required\" name=\"wpforms[fields][1]\" aria-errormessage=\"wpforms-83698-field_1-error\" required><\/div><div id=\"wpforms-83698-field_3-container\" class=\"wpforms-field wpforms-field-email\" data-field-id=\"3\"><label class=\"wpforms-field-label\" for=\"wpforms-83698-field_3\">Correo electr\u00f3nico <span class=\"wpforms-required-label\" aria-hidden=\"true\">*<\/span><\/label><input type=\"email\" id=\"wpforms-83698-field_3\" class=\"wpforms-field-large wpforms-field-required\" name=\"wpforms[fields][3]\" spellcheck=\"false\" aria-errormessage=\"wpforms-83698-field_3-error\" required><\/div><div id=\"wpforms-83698-field_4-container\" class=\"wpforms-field wpforms-field-textarea\" data-field-id=\"4\"><label class=\"wpforms-field-label\" for=\"wpforms-83698-field_4\">Mensaje <span class=\"wpforms-required-label\" aria-hidden=\"true\">*<\/span><\/label><textarea id=\"wpforms-83698-field_4\" class=\"wpforms-field-medium wpforms-field-required\" name=\"wpforms[fields][4]\" aria-errormessage=\"wpforms-83698-field_4-error\" required><\/textarea><\/div><div id=\"wpforms-83698-field_6-container\" class=\"wpforms-field wpforms-field-url\" data-field-id=\"6\"><label class=\"wpforms-field-label\" for=\"wpforms-83698-field_6\">Link Portfolio<\/label><input type=\"url\" id=\"wpforms-83698-field_6\" class=\"wpforms-field-large\" name=\"wpforms[fields][6]\" aria-errormessage=\"wpforms-83698-field_6-error\" ><\/div><div id=\"wpforms-83698-field_5-container\" class=\"wpforms-field wpforms-field-file-upload\" data-field-id=\"5\"><label class=\"wpforms-field-label\" for=\"wpforms-83698-field_5\">Subir tu CV <span class=\"wpforms-required-label\" aria-hidden=\"true\">*<\/span><\/label><div\n\t\tclass=\"wpforms-uploader\"\n\t\tdata-field-id=\"5\"\n\t\tdata-form-id=\"83698\"\n\t\tdata-input-name=\"wpforms_83698_5\"\n\t\tdata-extensions=\"doc,pdf\"\n\t\tdata-max-size=\"20971520\"\n\t\tdata-max-file-number=\"1\"\n\t\tdata-post-max-size=\"536870912\"\n\t\tdata-max-parallel-uploads=\"4\"\n\t\tdata-parallel-uploads=\"true\"\n\t\tdata-file-chunk-size=\"2097152\">\n\t<div class=\"dz-message\">\n\t\t<svg viewBox=\"0 0 1024 1024\" focusable=\"false\" data-icon=\"inbox\" width=\"50px\" height=\"50px\" fill=\"currentColor\" aria-hidden=\"true\">\n\t\t\t<path d=\"M885.2 446.3l-.2-.8-112.2-285.1c-5-16.1-19.9-27.2-36.8-27.2H281.2c-17 0-32.1 11.3-36.9 27.6L139.4 443l-.3.7-.2.8c-1.3 4.9-1.7 9.9-1 14.8-.1 1.6-.2 3.2-.2 4.8V830a60.9 60.9 0 0 0 60.8 60.8h627.2c33.5 0 60.8-27.3 60.9-60.8V464.1c0-1.3 0-2.6-.1-3.7.4-4.9 0-9.6-1.3-14.1zm-295.8-43l-.3 15.7c-.8 44.9-31.8 75.1-77.1 75.1-22.1 0-41.1-7.1-54.8-20.6S436 441.2 435.6 419l-.3-15.7H229.5L309 210h399.2l81.7 193.3H589.4zm-375 76.8h157.3c24.3 57.1 76 90.8 140.4 90.8 33.7 0 65-9.4 90.3-27.2 22.2-15.6 39.5-37.4 50.7-63.6h156.5V814H214.4V480.1z\"><\/path>\n\t\t<\/svg>\n\t\t<span class=\"modern-title\">Haz clic o arrastra un archivo a esta \u00e1rea para subirlo.<\/span>\n\n\t\t\t<\/div>\n<\/div>\n<input\n\t\ttype=\"text\"\n\t\tautocomplete=\"off\"\n\t\tclass=\"dropzone-input\"\n\t\tstyle=\"position:absolute!important;clip:rect(0,0,0,0)!important;height:1px!important;width:1px!important;border:0!important;overflow:hidden!important;padding:0!important;margin:0!important;\"\n\t\tid=\"wpforms-83698-field_5\"\n\t\tname=\"wpforms_83698_5\" required\t\tvalue=\"\">\n<div id=\"wpforms-83698-field_5-description\" class=\"wpforms-field-description\"><br><b>- Formato de archivos permitidos: PDF, DOC.<br><br>\r\n- Tama\u00f1o maximo de subida: 20MB.<b><\/div><\/div><\/div><!-- .wpforms-field-container --><div class=\"wpforms-submit-container\" ><input type=\"hidden\" name=\"wpforms[id]\" value=\"83698\"><input type=\"hidden\" name=\"wpforms[author]\" value=\"1\">\t\t<div id=\"cf-turnstile-wpf-116174095\"\r\n\t\tclass=\"cf-turnstile\" data-callback=\"turnstileWPFCallback\"\t\tdata-sitekey=\"0x4AAAAAABLPfOvtT4VZRXv6\"\r\n\t\tdata-theme=\"light\"\r\n\t\tdata-language=\"auto\"\r\n\t\tdata-size=\"normal\"\r\n\t\tdata-retry=\"auto\" data-retry-interval=\"1000\"\r\n\t\tdata-refresh-expired=\"auto\"\r\n\t\tdata-refresh-timeout=\"auto\"\r\n\t\tdata-action=\"wpforms-83698\"\r\n\t\tdata-callback=\"turnstileWPFCallback\"\r\n\t\t\t\tdata-appearance=\"always\"><\/div>\r\n\t\t\t\t<style>.wpforms-submit { pointer-events: none; opacity: 0.5; }<\/style>\r\n\t\t\t<script>document.addEventListener(\"DOMContentLoaded\", function() { setTimeout(function(){ var e=document.getElementById(\"cf-turnstile-wpf-116174095\"); if(e&&!e.innerHTML.trim()){turnstile.render(e, {sitekey:\"0x4AAAAAABLPfOvtT4VZRXv6\"});} }, 200); });<\/script>\r\n\t\t\t<br class=\"cf-turnstile-br cf-turnstile-br-wpf-116174095\">\r\n\t\t\t\t<style>#cf-turnstile-wpf-116174095 { margin-left: -15px; }<\/style>\r\n\t\t<input type=\"hidden\" class=\"wpforms-token\" name=\"wpforms[token]\" value=\"eee9c24eb7f2db09434215b266c1a8f2\" \/><button type=\"submit\" name=\"wpforms[submit]\" id=\"wpforms-submit-83698\" class=\"wpforms-submit\" data-alt-text=\"Enviando...\" data-submit-text=\"Enviar\" aria-live=\"assertive\" value=\"wpforms-submit\">Enviar<\/button><img decoding=\"async\" src=\"https:\/\/puntadiseno.com.ar\/wp-content\/plugins\/wpforms\/assets\/images\/submit-spin.svg\" class=\"wpforms-submit-spinner\" style=\"display: none;\" width=\"26\" height=\"26\" alt=\"Cargando\"><\/div><\/form><\/div>  <!-- .wpforms-container -->[\/vc_column][\/vc_row]<\/p>\n<\/section>","protected":false},"excerpt":{"rendered":"<p>[vc_row][vc_column][vc_column_text] [\/vc_column_text][\/vc_column][\/vc_row][vc_row row_height_percent=\u00bb50&#8243; override_padding=\u00bbyes\u00bb h_padding=\u00bb2&#8243; top_padding=\u00bb3&#8243; bottom_padding=\u00bb3&#8243; back_color=\u00bbcolor-wayh\u00bb back_image=\u00bb83722&#8243; back_position=\u00bbcenter center\u00bb kburns=\u00bbyes\u00bb overlay_color=\u00bbaccent\u00bb overlay_alpha=\u00bb20&#8243; gutter_size=\u00bb3&#8243; column_width_percent=\u00bb100&#8243; shift_y=\u00bb0&#8243; z_index=\u00bb0&#8243; uncode_shortcode_id=\u00bb119597&#8243; back_color_type=\u00bbuncode-palette\u00bb [&hellip;]<\/p>\n","protected":false},"author":1,"featured_media":81846,"parent":0,"menu_order":0,"comment_status":"open","ping_status":"closed","template":"","meta":{"footnotes":""},"class_list":["post-83713","page","type-page","status-publish","has-post-thumbnail","hentry"],"aioseo_notices":[],"_links":{"self":[{"href":"https:\/\/puntadiseno.com.ar\/index.php\/wp-json\/wp\/v2\/pages\/83713","targetHints":{"allow":["GET"]}}],"collection":[{"href":"https:\/\/puntadiseno.com.ar\/index.php\/wp-json\/wp\/v2\/pages"}],"about":[{"href":"https:\/\/puntadiseno.com.ar\/index.php\/wp-json\/wp\/v2\/types\/page"}],"author":[{"embeddable":true,"href":"https:\/\/puntadiseno.com.ar\/index.php\/wp-json\/wp\/v2\/users\/1"}],"replies":[{"embeddable":true,"href":"https:\/\/puntadiseno.com.ar\/index.php\/wp-json\/wp\/v2\/comments?post=83713"}],"version-history":[{"count":7,"href":"https:\/\/puntadiseno.com.ar\/index.php\/wp-json\/wp\/v2\/pages\/83713\/revisions"}],"predecessor-version":[{"id":83723,"href":"https:\/\/puntadiseno.com.ar\/index.php\/wp-json\/wp\/v2\/pages\/83713\/revisions\/83723"}],"wp:featuredmedia":[{"embeddable":true,"href":"https:\/\/puntadiseno.com.ar\/index.php\/wp-json\/wp\/v2\/media\/81846"}],"wp:attachment":[{"href":"https:\/\/puntadiseno.com.ar\/index.php\/wp-json\/wp\/v2\/media?parent=83713"}],"curies":[{"name":"wp","href":"https:\/\/api.w.org\/{rel}","templated":true}]}}